{"id":286,"date":"2019-11-07T11:58:19","date_gmt":"2019-11-07T11:58:19","guid":{"rendered":"https:\/\/ojedaeconomistes.com\/pericial"},"modified":"2019-11-27T10:03:46","modified_gmt":"2019-11-27T10:03:46","slug":"pericial","status":"publish","type":"page","link":"https:\/\/ojedaeconomistes.com\/ca\/pericial","title":{"rendered":"Pericial"},"content":{"rendered":"<p>[et_pb_section fb_built=&#8221;1&#8243; _builder_version=&#8221;4.0.3&#8243; background_color=&#8221;rgba(0,0,0,0.63)&#8221; background_image=&#8221;https:\/\/ojedaeconomistes.com\/wp-content\/uploads\/2019\/10\/law-firm-26.jpg&#8221; background_blend=&#8221;multiply&#8221; custom_padding=&#8221;||25px||false|false&#8221;][et_pb_row column_structure=&#8221;1_2,1_2&#8243; _builder_version=&#8221;4.0.6&#8243; background_enable_image=&#8221;off&#8221;][et_pb_column type=&#8221;1_2&#8243; _builder_version=&#8221;4.0.3&#8243;][et_pb_text _builder_version=&#8221;4.0.6&#8243; header_text_color=&#8221;#ffffff&#8221; header_font_size=&#8221;40px&#8221; custom_padding=&#8221;8px||||false|false&#8221;]<\/p>\n<h1>PERICIAL<\/h1>\n<p>[\/et_pb_text][\/et_pb_column][et_pb_column type=&#8221;1_2&#8243; _builder_version=&#8221;4.0.3&#8243;][et_pb_text _builder_version=&#8221;4.0.6&#8243; text_text_color=&#8221;#ffffff&#8221;]<\/p>\n<p>M\u00e9s de 150 pericials econ\u00f2miques i comptables en l\u2019ordre civil, penal, administratiu i laboral avalen la nostra experi\u00e8ncia en aquest camp.<\/p>\n<p>[\/et_pb_text][\/et_pb_column][\/et_pb_row][\/et_pb_section][et_pb_section fb_built=&#8221;1&#8243; _builder_version=&#8221;4.0.3&#8243;][et_pb_row _builder_version=&#8221;4.0.3&#8243;][et_pb_column type=&#8221;4_4&#8243; _builder_version=&#8221;4.0.3&#8243;][et_pb_text _builder_version=&#8221;4.0.6&#8243; header_2_font_size=&#8221;35px&#8221;]<\/p>\n<h2 style=\"text-align: center;\">Tipus habituals de pericials<\/h2>\n<p>[\/et_pb_text][et_pb_divider color=&#8221;#874200&#8243; divider_position=&#8221;center&#8221; divider_weight=&#8221;3px&#8221; _builder_version=&#8221;4.0.3&#8243; max_width=&#8221;70px&#8221; module_alignment=&#8221;center&#8221;][\/et_pb_divider][\/et_pb_column][\/et_pb_row][et_pb_row column_structure=&#8221;1_4,1_4,1_4,1_4&#8243; _builder_version=&#8221;4.0.3&#8243;][et_pb_column type=&#8221;1_4&#8243; _builder_version=&#8221;4.0.3&#8243;][et_pb_text ol_position=&#8221;outside&#8221; ol_item_indent_tablet=&#8221;&#8221; ol_item_indent_phone=&#8221;22px&#8221; ol_item_indent_last_edited=&#8221;on|phone&#8221; _builder_version=&#8221;4.0.6&#8243; hover_enabled=&#8221;0&#8243;]<\/p>\n<h4 style=\"text-align: left;\">CIVIL &#8211; MERCANTIL<\/h4>\n<ol>\n<li>Valoraci\u00f3 de danys econ\u00f2mics.<\/li>\n<li>Quantificaci\u00f3 del dany emergent i lucre cessant.<\/li>\n<li>Indemnitzaci\u00f3 per clientela.<\/li>\n<li>Danys i perjudicis en contractes d\u2019ag\u00e8ncia o distribuci\u00f3.<\/li>\n<li>Derivaci\u00f3 de responsabilitat d\u2019administradors.<\/li>\n<li>Valoraci\u00f3 d\u2019empreses i branques d\u2019activitat.<\/li>\n<li>Informes de viabilitat econ\u00f2mica.<\/li>\n<li>An\u00e0lisi patrimonial a nivell personal i empresarial (dret fam\u00edlia).<\/li>\n<li>Certificaci\u00f3 de la realitat de deute reclamat a tercers.<\/li>\n<li>Revisi\u00f3 de l\u2019acompliment de la normativa comptable.<\/li>\n<li>An\u00e0lisi d\u2019estats financers.<\/li>\n<li>Pericial comptable.<\/li>\n<\/ol>\n<p>[\/et_pb_text][\/et_pb_column][et_pb_column type=&#8221;1_4&#8243; _builder_version=&#8221;4.0.3&#8243;][et_pb_text ol_position=&#8221;outside&#8221; ol_item_indent_tablet=&#8221;&#8221; ol_item_indent_phone=&#8221;20px&#8221; ol_item_indent_last_edited=&#8221;on|phone&#8221; _builder_version=&#8221;4.0.6&#8243; hover_enabled=&#8221;0&#8243;]<\/p>\n<h4 style=\"text-align: left;\">PENAL ECON\u00d2MIC<\/h4>\n<ol>\n<li>Descapitalitzaci\u00f3 de societats.<\/li>\n<li>Successi\u00f3 empresarial.<\/li>\n<li>Derivaci\u00f3 de responsabilitat.<\/li>\n<li>Estimaci\u00f3 de danys i perjudicis.<\/li>\n<li>Revisi\u00f3 de l\u2019acompliment de la normativa comptable i fiscal.<\/li>\n<li>Revisi\u00f3 comptable per a determinar l\u2019origen i l\u2019aplicaci\u00f3 de fons.<\/li>\n<li>An\u00e0lisi d\u2019Estats Financers.<\/li>\n<li>Pericial comptable.<\/li>\n<li>An\u00e0lisi d\u2019\u00e0rees de risc a les empreses, per despatxos d\u2019advocats especialitzats en Compliance penal.<\/li>\n<\/ol>\n<p>[\/et_pb_text][\/et_pb_column][et_pb_column type=&#8221;1_4&#8243; _builder_version=&#8221;4.0.3&#8243;][et_pb_text ol_position=&#8221;outside&#8221; ol_position_tablet=&#8221;&#8221; ol_position_phone=&#8221;&#8221; ol_position_last_edited=&#8221;on|phone&#8221; ol_item_indent_tablet=&#8221;&#8221; ol_item_indent_phone=&#8221;20px&#8221; ol_item_indent_last_edited=&#8221;on|phone&#8221; _builder_version=&#8221;4.0.6&#8243; hover_enabled=&#8221;0&#8243;]<\/p>\n<h4 style=\"text-align: left;\">LABORAL<\/h4>\n<ol>\n<li>Acomiadaments objectius: An\u00e0lisi de causes econ\u00f2miques, productives i organitzatives.<\/li>\n<li>Elaboraci\u00f3 de Mem\u00f2ries d\u2019Expedients de Regulaci\u00f3 d\u2019Ocupaci\u00f3.<\/li>\n<\/ol>\n<p>[\/et_pb_text][\/et_pb_column][et_pb_column type=&#8221;1_4&#8243; _builder_version=&#8221;4.0.3&#8243;][et_pb_text ol_position=&#8221;outside&#8221; ol_item_indent_tablet=&#8221;&#8221; ol_item_indent_phone=&#8221;20px&#8221; ol_item_indent_last_edited=&#8221;on|phone&#8221; _builder_version=&#8221;4.0.6&#8243; header_4_letter_spacing=&#8221;-1px&#8221; min_height=&#8221;320px&#8221; hover_enabled=&#8221;0&#8243;]<\/p>\n<h4 style=\"text-align: left;\">FISCAL &#8211; ADMINISTRATIU<\/h4>\n<ol>\n<li>Pericials TEARC.<\/li>\n<li>Acreditaci\u00f3 de l\u2019acompliment dels requisits d\u2019ajornament dels deutes tributaris.<\/li>\n<li>Valoraci\u00f3 d\u2019empreses.<\/li>\n<li>Valoraci\u00f3 d\u2019operacions mercantils concretes.<\/li>\n<li>An\u00e0lisi del fons econ\u00f2mic en operacions de reestructuraci\u00f3.<\/li>\n<li>Operacions vinculades.<\/li>\n<\/ol>\n<p>[\/et_pb_text][\/et_pb_column][\/et_pb_row][\/et_pb_section]<\/p>\n","protected":false},"excerpt":{"rendered":"<p>PERICIALM\u00e9s de 150 pericials econ\u00f2miques i comptables en l\u2019ordre civil, penal, administratiu i laboral avalen la nostra experi\u00e8ncia en aquest camp.Tipus habituals de pericialsCIVIL &#8211; MERCANTIL Valoraci\u00f3 de danys econ\u00f2mics. Quantificaci\u00f3 del dany emergent i lucre cessant. Indemnitzaci\u00f3 per clientela. Danys i perjudicis en contractes d\u2019ag\u00e8ncia o distribuci\u00f3. Derivaci\u00f3 de responsabilitat d\u2019administradors. Valoraci\u00f3 d\u2019empreses i [&hellip;]<\/p>\n","protected":false},"author":1,"featured_media":0,"parent":0,"menu_order":0,"comment_status":"closed","ping_status":"closed","template":"","meta":{"_et_pb_use_builder":"on","_et_pb_old_content":"","_et_gb_content_width":"","footnotes":""},"class_list":["post-286","page","type-page","status-publish","hentry"],"yoast_head":"<!-- This site is optimized with the Yoast SEO plugin v27.4 - https:\/\/yoast.com\/product\/yoast-seo-wordpress\/ -->\n<title>Pericial - Ojeda Economistes<\/title>\n<meta name=\"robots\" content=\"index, follow, max-snippet:-1, max-image-preview:large, max-video-preview:-1\" \/>\n<link rel=\"canonical\" href=\"https:\/\/ojedaeconomistes.com\/ca\/pericial\" \/>\n<meta property=\"og:locale\" content=\"ca_ES\" \/>\n<meta property=\"og:type\" content=\"article\" \/>\n<meta property=\"og:title\" content=\"Pericial - Ojeda Economistes\" \/>\n<meta property=\"og:description\" content=\"PERICIALM\u00e9s de 150 pericials econ\u00f2miques i comptables en l\u2019ordre civil, penal, administratiu i laboral avalen la nostra experi\u00e8ncia en aquest camp.Tipus habituals de pericialsCIVIL - MERCANTIL Valoraci\u00f3 de danys econ\u00f2mics. Quantificaci\u00f3 del dany emergent i lucre cessant. Indemnitzaci\u00f3 per clientela. Danys i perjudicis en contractes d\u2019ag\u00e8ncia o distribuci\u00f3. Derivaci\u00f3 de responsabilitat d\u2019administradors. Valoraci\u00f3 d\u2019empreses i [&hellip;]\" \/>\n<meta property=\"og:url\" content=\"https:\/\/ojedaeconomistes.com\/ca\/pericial\" \/>\n<meta property=\"og:site_name\" content=\"Ojeda Economistes\" \/>\n<meta property=\"article:modified_time\" content=\"2019-11-27T10:03:46+00:00\" \/>\n<meta name=\"twitter:card\" content=\"summary_large_image\" \/>\n<meta name=\"twitter:label1\" content=\"Temps estimat de lectura\" \/>\n\t<meta name=\"twitter:data1\" content=\"3 minuts\" \/>\n<script type=\"application\/ld+json\" class=\"yoast-schema-graph\">{\"@context\":\"https:\\\/\\\/schema.org\",\"@graph\":[{\"@type\":\"WebPage\",\"@id\":\"https:\\\/\\\/ojedaeconomistes.com\\\/ca\\\/pericial\",\"url\":\"https:\\\/\\\/ojedaeconomistes.com\\\/ca\\\/pericial\",\"name\":\"Pericial - Ojeda Economistes\",\"isPartOf\":{\"@id\":\"https:\\\/\\\/ojedaeconomistes.com\\\/#website\"},\"datePublished\":\"2019-11-07T11:58:19+00:00\",\"dateModified\":\"2019-11-27T10:03:46+00:00\",\"breadcrumb\":{\"@id\":\"https:\\\/\\\/ojedaeconomistes.com\\\/ca\\\/pericial#breadcrumb\"},\"inLanguage\":\"ca\",\"potentialAction\":[{\"@type\":\"ReadAction\",\"target\":[\"https:\\\/\\\/ojedaeconomistes.com\\\/ca\\\/pericial\"]}]},{\"@type\":\"BreadcrumbList\",\"@id\":\"https:\\\/\\\/ojedaeconomistes.com\\\/ca\\\/pericial#breadcrumb\",\"itemListElement\":[{\"@type\":\"ListItem\",\"position\":1,\"name\":\"Home\",\"item\":\"https:\\\/\\\/ojedaeconomistes.com\\\/ca\"},{\"@type\":\"ListItem\",\"position\":2,\"name\":\"Pericial\"}]},{\"@type\":\"WebSite\",\"@id\":\"https:\\\/\\\/ojedaeconomistes.com\\\/#website\",\"url\":\"https:\\\/\\\/ojedaeconomistes.com\\\/\",\"name\":\"Ojeda Economistes\",\"description\":\"Forensic, Auditores, asesores contables y fiscales\",\"potentialAction\":[{\"@type\":\"SearchAction\",\"target\":{\"@type\":\"EntryPoint\",\"urlTemplate\":\"https:\\\/\\\/ojedaeconomistes.com\\\/?s={search_term_string}\"},\"query-input\":{\"@type\":\"PropertyValueSpecification\",\"valueRequired\":true,\"valueName\":\"search_term_string\"}}],\"inLanguage\":\"ca\"}]}<\/script>\n<!-- \/ Yoast SEO plugin. -->","yoast_head_json":{"title":"Pericial - Ojeda Economistes","robots":{"index":"index","follow":"follow","max-snippet":"max-snippet:-1","max-image-preview":"max-image-preview:large","max-video-preview":"max-video-preview:-1"},"canonical":"https:\/\/ojedaeconomistes.com\/ca\/pericial","og_locale":"ca_ES","og_type":"article","og_title":"Pericial - Ojeda Economistes","og_description":"PERICIALM\u00e9s de 150 pericials econ\u00f2miques i comptables en l\u2019ordre civil, penal, administratiu i laboral avalen la nostra experi\u00e8ncia en aquest camp.Tipus habituals de pericialsCIVIL - MERCANTIL Valoraci\u00f3 de danys econ\u00f2mics. Quantificaci\u00f3 del dany emergent i lucre cessant. Indemnitzaci\u00f3 per clientela. Danys i perjudicis en contractes d\u2019ag\u00e8ncia o distribuci\u00f3. Derivaci\u00f3 de responsabilitat d\u2019administradors. Valoraci\u00f3 d\u2019empreses i [&hellip;]","og_url":"https:\/\/ojedaeconomistes.com\/ca\/pericial","og_site_name":"Ojeda Economistes","article_modified_time":"2019-11-27T10:03:46+00:00","twitter_card":"summary_large_image","twitter_misc":{"Temps estimat de lectura":"3 minuts"},"schema":{"@context":"https:\/\/schema.org","@graph":[{"@type":"WebPage","@id":"https:\/\/ojedaeconomistes.com\/ca\/pericial","url":"https:\/\/ojedaeconomistes.com\/ca\/pericial","name":"Pericial - Ojeda Economistes","isPartOf":{"@id":"https:\/\/ojedaeconomistes.com\/#website"},"datePublished":"2019-11-07T11:58:19+00:00","dateModified":"2019-11-27T10:03:46+00:00","breadcrumb":{"@id":"https:\/\/ojedaeconomistes.com\/ca\/pericial#breadcrumb"},"inLanguage":"ca","potentialAction":[{"@type":"ReadAction","target":["https:\/\/ojedaeconomistes.com\/ca\/pericial"]}]},{"@type":"BreadcrumbList","@id":"https:\/\/ojedaeconomistes.com\/ca\/pericial#breadcrumb","itemListElement":[{"@type":"ListItem","position":1,"name":"Home","item":"https:\/\/ojedaeconomistes.com\/ca"},{"@type":"ListItem","position":2,"name":"Pericial"}]},{"@type":"WebSite","@id":"https:\/\/ojedaeconomistes.com\/#website","url":"https:\/\/ojedaeconomistes.com\/","name":"Ojeda Economistes","description":"Forensic, Auditores, asesores contables y fiscales","potentialAction":[{"@type":"SearchAction","target":{"@type":"EntryPoint","urlTemplate":"https:\/\/ojedaeconomistes.com\/?s={search_term_string}"},"query-input":{"@type":"PropertyValueSpecification","valueRequired":true,"valueName":"search_term_string"}}],"inLanguage":"ca"}]}},"_links":{"self":[{"href":"https:\/\/ojedaeconomistes.com\/ca\/wp-json\/wp\/v2\/pages\/286","targetHints":{"allow":["GET"]}}],"collection":[{"href":"https:\/\/ojedaeconomistes.com\/ca\/wp-json\/wp\/v2\/pages"}],"about":[{"href":"https:\/\/ojedaeconomistes.com\/ca\/wp-json\/wp\/v2\/types\/page"}],"author":[{"embeddable":true,"href":"https:\/\/ojedaeconomistes.com\/ca\/wp-json\/wp\/v2\/users\/1"}],"replies":[{"embeddable":true,"href":"https:\/\/ojedaeconomistes.com\/ca\/wp-json\/wp\/v2\/comments?post=286"}],"version-history":[{"count":4,"href":"https:\/\/ojedaeconomistes.com\/ca\/wp-json\/wp\/v2\/pages\/286\/revisions"}],"predecessor-version":[{"id":374,"href":"https:\/\/ojedaeconomistes.com\/ca\/wp-json\/wp\/v2\/pages\/286\/revisions\/374"}],"wp:attachment":[{"href":"https:\/\/ojedaeconomistes.com\/ca\/wp-json\/wp\/v2\/media?parent=286"}],"curies":[{"name":"wp","href":"https:\/\/api.w.org\/{rel}","templated":true}]}}