{"id":291,"date":"2019-11-07T12:27:26","date_gmt":"2019-11-07T12:27:26","guid":{"rendered":"https:\/\/ojedaeconomistes.com\/concursal"},"modified":"2019-11-12T09:51:59","modified_gmt":"2019-11-12T09:51:59","slug":"concursal","status":"publish","type":"page","link":"https:\/\/ojedaeconomistes.com\/ca\/concursal","title":{"rendered":"Concursal"},"content":{"rendered":"<p>[et_pb_section fb_built=&#8221;1&#8243; _builder_version=&#8221;4.0.3&#8243; background_image=&#8221;https:\/\/ojedaeconomistes.com\/wp-content\/uploads\/2019\/10\/law-firm-26.jpg&#8221; custom_padding=&#8221;||45px|||&#8221;][et_pb_row column_structure=&#8221;1_2,1_2&#8243; _builder_version=&#8221;4.0.3&#8243;][et_pb_column type=&#8221;1_2&#8243; _builder_version=&#8221;4.0.3&#8243;][et_pb_text _builder_version=&#8221;4.0.6&#8243; header_text_color=&#8221;#ffffff&#8221; header_font_size=&#8221;40px&#8221; custom_margin=&#8221;18px||||false|false&#8221;]<\/p>\n<h1>CONCURSAL<\/h1>\n<p>[\/et_pb_text][\/et_pb_column][et_pb_column type=&#8221;1_2&#8243; _builder_version=&#8221;4.0.3&#8243;][et_pb_text _builder_version=&#8221;4.0.6&#8243; text_text_color=&#8221;#ffffff&#8221; hover_enabled=&#8221;0&#8243;]<\/p>\n<p>Hem actuat com Administradors concursals en m\u00e9s de 100 procediments concursals i assessorat a empresaris en aquesta dif\u00edcil etapa per les seves empreses i les seves fam\u00edlies.<\/p>\n<p>[\/et_pb_text][\/et_pb_column][\/et_pb_row][\/et_pb_section][et_pb_section fb_built=&#8221;1&#8243; _builder_version=&#8221;4.0.3&#8243;][et_pb_row column_structure=&#8221;1_2,1_2&#8243; _builder_version=&#8221;4.0.3&#8243;][et_pb_column type=&#8221;1_2&#8243; _builder_version=&#8221;4.0.3&#8243;][et_pb_text _builder_version=&#8221;4.0.6&#8243; hover_enabled=&#8221;0&#8243;]<\/p>\n<p>Hem actuat en concursos ordinaris, amb vendes d\u2019unitats productives, amb aprovaci\u00f3 de convenis, etc, adquirint experi\u00e8ncia durant tots aquests anys i complementant-la amb la formaci\u00f3 continuada impartida al Col\u2022legi d\u2019Auditors, Col\u2022legi de Economistes, Col\u2022legi d\u2019Advocats, Col\u2022legi de Titulats Mercantils, Col\u2022legi de Notaris, centres universitaris i altres centres de formaci\u00f3 (Foro Aranzadi, Congres Aranzadi, i d\u2019altres).<br \/>Estem especialitzats als procediments de mediaci\u00f3 concursal i de concurs de creditors de persones f\u00edsiques (\u201cLlei de Segona Oportunitat\u201d), col\u2022laborant estretament amb diversos despatxos d\u2019advocats.<\/p>\n<p><a href=\"http:\/\/asesorleysegundaoportunidad.com\/\">http:\/\/asesorleysegundaoportunidad.com<\/a><\/p>\n<p>[\/et_pb_text][\/et_pb_column][et_pb_column type=&#8221;1_2&#8243; _builder_version=&#8221;4.0.3&#8243;][et_pb_text _builder_version=&#8221;4.0.6&#8243; hover_enabled=&#8221;0&#8243;]<\/p>\n<p>Hem impartit diversos tallers, cursos i pon\u00e8ncies en diversos col\u2022legis professionals: Col\u2022legi de Titulats Mercantils de Barcelona, Col\u2022legi d\u2019Auditors de Catalunya \u2013 CCJCC Auditors, ICAB.<\/p>\n<p>A m\u00e9s actuem amb altres despatxos procurant, entre d\u2019altres:<\/p>\n<ul>\n<li>Suport en negociacions amb entitats financeres.<\/li>\n<li>Reestructuracions &#8211; Plans de viabilitat empresarial.<\/li>\n<li>Valoracions d\u2019empresa.<\/li>\n<li>Assessorament econ\u00f2mic i comptable a despatxos d\u2019advocats, col\u2022laborant tant a la demanda, com al llarg del procediment.<\/li>\n<\/ul>\n<p>[\/et_pb_text][\/et_pb_column][\/et_pb_row][\/et_pb_section]<\/p>\n","protected":false},"excerpt":{"rendered":"<p>CONCURSALHem actuat com Administradors concursals en m\u00e9s de 100 procediments concursals i assessorat a empresaris en aquesta dif\u00edcil etapa per les seves empreses i les seves fam\u00edlies. Hem actuat en concursos ordinaris, amb vendes d\u2019unitats productives, amb aprovaci\u00f3 de convenis, etc, adquirint experi\u00e8ncia durant tots aquests anys i complementant-la amb la formaci\u00f3 continuada impartida al [&hellip;]<\/p>\n","protected":false},"author":1,"featured_media":0,"parent":0,"menu_order":0,"comment_status":"closed","ping_status":"closed","template":"","meta":{"_et_pb_use_builder":"on","_et_pb_old_content":"","_et_gb_content_width":"","footnotes":""},"class_list":["post-291","page","type-page","status-publish","hentry"],"yoast_head":"<!-- This site is optimized with the Yoast SEO plugin v27.4 - https:\/\/yoast.com\/product\/yoast-seo-wordpress\/ -->\n<title>Concursal - Ojeda Economistes<\/title>\n<meta name=\"robots\" content=\"index, follow, max-snippet:-1, max-image-preview:large, max-video-preview:-1\" \/>\n<link rel=\"canonical\" href=\"https:\/\/ojedaeconomistes.com\/ca\/concursal\" \/>\n<meta property=\"og:locale\" content=\"ca_ES\" \/>\n<meta property=\"og:type\" content=\"article\" \/>\n<meta property=\"og:title\" content=\"Concursal - Ojeda Economistes\" \/>\n<meta property=\"og:description\" content=\"CONCURSALHem actuat com Administradors concursals en m\u00e9s de 100 procediments concursals i assessorat a empresaris en aquesta dif\u00edcil etapa per les seves empreses i les seves fam\u00edlies. Hem actuat en concursos ordinaris, amb vendes d\u2019unitats productives, amb aprovaci\u00f3 de convenis, etc, adquirint experi\u00e8ncia durant tots aquests anys i complementant-la amb la formaci\u00f3 continuada impartida al [&hellip;]\" \/>\n<meta property=\"og:url\" content=\"https:\/\/ojedaeconomistes.com\/ca\/concursal\" \/>\n<meta property=\"og:site_name\" content=\"Ojeda Economistes\" \/>\n<meta property=\"article:modified_time\" content=\"2019-11-12T09:51:59+00:00\" \/>\n<meta name=\"twitter:card\" content=\"summary_large_image\" \/>\n<meta name=\"twitter:label1\" content=\"Temps estimat de lectura\" \/>\n\t<meta name=\"twitter:data1\" content=\"2 minuts\" \/>\n<script type=\"application\/ld+json\" class=\"yoast-schema-graph\">{\"@context\":\"https:\\\/\\\/schema.org\",\"@graph\":[{\"@type\":\"WebPage\",\"@id\":\"https:\\\/\\\/ojedaeconomistes.com\\\/ca\\\/concursal\",\"url\":\"https:\\\/\\\/ojedaeconomistes.com\\\/ca\\\/concursal\",\"name\":\"Concursal - Ojeda Economistes\",\"isPartOf\":{\"@id\":\"https:\\\/\\\/ojedaeconomistes.com\\\/#website\"},\"datePublished\":\"2019-11-07T12:27:26+00:00\",\"dateModified\":\"2019-11-12T09:51:59+00:00\",\"breadcrumb\":{\"@id\":\"https:\\\/\\\/ojedaeconomistes.com\\\/ca\\\/concursal#breadcrumb\"},\"inLanguage\":\"ca\",\"potentialAction\":[{\"@type\":\"ReadAction\",\"target\":[\"https:\\\/\\\/ojedaeconomistes.com\\\/ca\\\/concursal\"]}]},{\"@type\":\"BreadcrumbList\",\"@id\":\"https:\\\/\\\/ojedaeconomistes.com\\\/ca\\\/concursal#breadcrumb\",\"itemListElement\":[{\"@type\":\"ListItem\",\"position\":1,\"name\":\"Home\",\"item\":\"https:\\\/\\\/ojedaeconomistes.com\\\/ca\"},{\"@type\":\"ListItem\",\"position\":2,\"name\":\"Concursal\"}]},{\"@type\":\"WebSite\",\"@id\":\"https:\\\/\\\/ojedaeconomistes.com\\\/#website\",\"url\":\"https:\\\/\\\/ojedaeconomistes.com\\\/\",\"name\":\"Ojeda Economistes\",\"description\":\"Forensic, Auditores, asesores contables y fiscales\",\"potentialAction\":[{\"@type\":\"SearchAction\",\"target\":{\"@type\":\"EntryPoint\",\"urlTemplate\":\"https:\\\/\\\/ojedaeconomistes.com\\\/?s={search_term_string}\"},\"query-input\":{\"@type\":\"PropertyValueSpecification\",\"valueRequired\":true,\"valueName\":\"search_term_string\"}}],\"inLanguage\":\"ca\"}]}<\/script>\n<!-- \/ Yoast SEO plugin. -->","yoast_head_json":{"title":"Concursal - Ojeda Economistes","robots":{"index":"index","follow":"follow","max-snippet":"max-snippet:-1","max-image-preview":"max-image-preview:large","max-video-preview":"max-video-preview:-1"},"canonical":"https:\/\/ojedaeconomistes.com\/ca\/concursal","og_locale":"ca_ES","og_type":"article","og_title":"Concursal - Ojeda Economistes","og_description":"CONCURSALHem actuat com Administradors concursals en m\u00e9s de 100 procediments concursals i assessorat a empresaris en aquesta dif\u00edcil etapa per les seves empreses i les seves fam\u00edlies. Hem actuat en concursos ordinaris, amb vendes d\u2019unitats productives, amb aprovaci\u00f3 de convenis, etc, adquirint experi\u00e8ncia durant tots aquests anys i complementant-la amb la formaci\u00f3 continuada impartida al [&hellip;]","og_url":"https:\/\/ojedaeconomistes.com\/ca\/concursal","og_site_name":"Ojeda Economistes","article_modified_time":"2019-11-12T09:51:59+00:00","twitter_card":"summary_large_image","twitter_misc":{"Temps estimat de lectura":"2 minuts"},"schema":{"@context":"https:\/\/schema.org","@graph":[{"@type":"WebPage","@id":"https:\/\/ojedaeconomistes.com\/ca\/concursal","url":"https:\/\/ojedaeconomistes.com\/ca\/concursal","name":"Concursal - Ojeda Economistes","isPartOf":{"@id":"https:\/\/ojedaeconomistes.com\/#website"},"datePublished":"2019-11-07T12:27:26+00:00","dateModified":"2019-11-12T09:51:59+00:00","breadcrumb":{"@id":"https:\/\/ojedaeconomistes.com\/ca\/concursal#breadcrumb"},"inLanguage":"ca","potentialAction":[{"@type":"ReadAction","target":["https:\/\/ojedaeconomistes.com\/ca\/concursal"]}]},{"@type":"BreadcrumbList","@id":"https:\/\/ojedaeconomistes.com\/ca\/concursal#breadcrumb","itemListElement":[{"@type":"ListItem","position":1,"name":"Home","item":"https:\/\/ojedaeconomistes.com\/ca"},{"@type":"ListItem","position":2,"name":"Concursal"}]},{"@type":"WebSite","@id":"https:\/\/ojedaeconomistes.com\/#website","url":"https:\/\/ojedaeconomistes.com\/","name":"Ojeda Economistes","description":"Forensic, Auditores, asesores contables y fiscales","potentialAction":[{"@type":"SearchAction","target":{"@type":"EntryPoint","urlTemplate":"https:\/\/ojedaeconomistes.com\/?s={search_term_string}"},"query-input":{"@type":"PropertyValueSpecification","valueRequired":true,"valueName":"search_term_string"}}],"inLanguage":"ca"}]}},"_links":{"self":[{"href":"https:\/\/ojedaeconomistes.com\/ca\/wp-json\/wp\/v2\/pages\/291","targetHints":{"allow":["GET"]}}],"collection":[{"href":"https:\/\/ojedaeconomistes.com\/ca\/wp-json\/wp\/v2\/pages"}],"about":[{"href":"https:\/\/ojedaeconomistes.com\/ca\/wp-json\/wp\/v2\/types\/page"}],"author":[{"embeddable":true,"href":"https:\/\/ojedaeconomistes.com\/ca\/wp-json\/wp\/v2\/users\/1"}],"replies":[{"embeddable":true,"href":"https:\/\/ojedaeconomistes.com\/ca\/wp-json\/wp\/v2\/comments?post=291"}],"version-history":[{"count":1,"href":"https:\/\/ojedaeconomistes.com\/ca\/wp-json\/wp\/v2\/pages\/291\/revisions"}],"predecessor-version":[{"id":294,"href":"https:\/\/ojedaeconomistes.com\/ca\/wp-json\/wp\/v2\/pages\/291\/revisions\/294"}],"wp:attachment":[{"href":"https:\/\/ojedaeconomistes.com\/ca\/wp-json\/wp\/v2\/media?parent=291"}],"curies":[{"name":"wp","href":"https:\/\/api.w.org\/{rel}","templated":true}]}}