{"id":296,"date":"2019-11-08T10:05:47","date_gmt":"2019-11-08T10:05:47","guid":{"rendered":"https:\/\/ojedaeconomistes.com\/contable-fiscal-laboral"},"modified":"2019-11-27T10:04:19","modified_gmt":"2019-11-27T10:04:19","slug":"comptable-fiscal-laboral","status":"publish","type":"page","link":"https:\/\/ojedaeconomistes.com\/ca\/comptable-fiscal-laboral","title":{"rendered":"Comptable \u2013 Fiscal &#8211; Laboral"},"content":{"rendered":"<p>[et_pb_section fb_built=&#8221;1&#8243; _builder_version=&#8221;4.0.3&#8243; background_color=&#8221;rgba(0,0,0,0.71)&#8221; background_image=&#8221;https:\/\/ojedaeconomistes.com\/wp-content\/uploads\/2019\/10\/law-firm-26.jpg&#8221; background_blend=&#8221;multiply&#8221;][et_pb_row _builder_version=&#8221;4.0.3&#8243;][et_pb_column type=&#8221;4_4&#8243; _builder_version=&#8221;4.0.3&#8243;][et_pb_text _builder_version=&#8221;4.0.6&#8243; text_text_color=&#8221;#ffffff&#8221; header_text_color=&#8221;#ffffff&#8221; header_font_size=&#8221;40px&#8221;]<\/p>\n<h1>COMPTABLE \u00b7 FISCAL \u00b7 LABORAL<\/h1>\n<p>[\/et_pb_text][\/et_pb_column][\/et_pb_row][\/et_pb_section][et_pb_section fb_built=&#8221;1&#8243; _builder_version=&#8221;4.0.3&#8243; custom_padding=&#8221;||16px|||&#8221;][et_pb_row column_structure=&#8221;1_2,1_2&#8243; _builder_version=&#8221;4.0.3&#8243; custom_margin=&#8221;|auto|-27px|auto||&#8221;][et_pb_column type=&#8221;1_2&#8243; _builder_version=&#8221;4.0.3&#8243;][et_pb_text _builder_version=&#8221;4.0.6&#8243;]<\/p>\n<p>Prestem servei tant per aquelles empreses que han externalitzat el seu departament comptable, per tal de centrar-se en el seu negoci, com aquelles que tenen el seu propi departament comptable i precisen de revisi\u00f3, tutela i consulta peri\u00f2dica.<\/p>\n<p>La confecci\u00f3 de les n\u00f2mines i les gestions amb la Seguretat Social requereixen de personal qualificat. Un mal servei pot derivar en afectacions fiscals, administratives o legals que conv\u00e9 evitar.<\/p>\n<p>La nostra experi\u00e8ncia en actuacions amb l\u2019Administraci\u00f3 est\u00e0 ratificada per anys de formaci\u00f3 i multitud d\u2019expedients resolts favorablement.<\/p>\n<p>[\/et_pb_text][\/et_pb_column][et_pb_column type=&#8221;1_2&#8243; _builder_version=&#8221;4.0.3&#8243;][et_pb_text _builder_version=&#8221;4.0.6&#8243; hover_enabled=&#8221;0&#8243;]<\/p>\n<p>A m\u00e9s de la gesti\u00f3 continuada, actuem habitualment realitzant:<\/p>\n<ul>\n<li>Revisi\u00f3 de l\u2019acompliment d\u2019obligacions fiscals i laborals.<\/li>\n<li>An\u00e0lisi comptable i fiscal.<\/li>\n<li>Informaci\u00f3 peri\u00f2dica en relaci\u00f3 a novetats tribut\u00e0ries, comptables i laborals.<\/li>\n<li>Confecci\u00f3 i presentaci\u00f3 d\u2019 Impost sobre Societats i Impost sobre la Renda de les Persones F\u00edsiques.<\/li>\n<li>Reestructuracions d\u2019empresa.<\/li>\n<li>Certificaci\u00f3 de la realitat de deutes reclamats a tercers.<\/li>\n<li>Suport a l\u2019acompliment de les obligacions mercantils, fiscals i laborals.<\/li>\n<li>Atenci\u00f3 de requeriments, assist\u00e8ncia a les comprovacions i inspeccions, presentaci\u00f3 de recursos administratius, etc.<\/li>\n<li>Col\u2022laboraci\u00f3 estreta amb diversos despatxos d\u2019advocats, complementant aquest servei pels seus clients.<\/li>\n<\/ul>\n<p>[\/et_pb_text][\/et_pb_column][\/et_pb_row][\/et_pb_section][et_pb_section fb_built=&#8221;1&#8243; _builder_version=&#8221;4.0.3&#8243; custom_padding=&#8221;0px|||||&#8221;][et_pb_row _builder_version=&#8221;4.0.3&#8243; custom_margin=&#8221;|auto|-16px|auto||&#8221; custom_padding=&#8221;12px|||||&#8221;][et_pb_column type=&#8221;4_4&#8243; _builder_version=&#8221;4.0.3&#8243;][et_pb_divider color=&#8221;#874200&#8243; divider_weight=&#8221;3px&#8221; _builder_version=&#8221;4.0.3&#8243; max_width=&#8221;73px&#8221; module_alignment=&#8221;center&#8221;][\/et_pb_divider][et_pb_text _builder_version=&#8221;4.0.6&#8243;]<\/p>\n<p style=\"text-align: center;\">Participem, entre d\u2019altres, als seg\u00fcents col\u2022legis professionals, associacions i organismes:<\/p>\n<p>[\/et_pb_text][\/et_pb_column][\/et_pb_row][et_pb_row column_structure=&#8221;1_3,1_3,1_3&#8243; _builder_version=&#8221;4.0.3&#8243; custom_padding=&#8221;0px|||||&#8221;][et_pb_column type=&#8221;1_3&#8243; _builder_version=&#8221;4.0.3&#8243;][et_pb_image src=&#8221;https:\/\/ojedaeconomistes.com\/wp-content\/uploads\/2019\/11\/ojeda-economistes-colegi-economistes-de-catalunya.jpg&#8221; url=&#8221;http:\/\/www.coleconomistes.cat&#8221; url_new_window=&#8221;on&#8221; align=&#8221;center&#8221; _builder_version=&#8221;4.0.3&#8243; animation_style=&#8221;fade&#8221;][\/et_pb_image][\/et_pb_column][et_pb_column type=&#8221;1_3&#8243; _builder_version=&#8221;4.0.3&#8243;][et_pb_image src=&#8221;https:\/\/ojedaeconomistes.com\/wp-content\/uploads\/2019\/11\/ojeda-economistes-aedaf.jpg&#8221; url=&#8221;http:\/\/www.aedaf.es&#8221; url_new_window=&#8221;on&#8221; align=&#8221;center&#8221; _builder_version=&#8221;4.0.3&#8243; animation_style=&#8221;fade&#8221;][\/et_pb_image][\/et_pb_column][et_pb_column type=&#8221;1_3&#8243; _builder_version=&#8221;4.0.3&#8243;][et_pb_image src=&#8221;https:\/\/ojedaeconomistes.com\/wp-content\/uploads\/2019\/11\/ojeda-economistes-accid.jpg&#8221; url=&#8221;http:\/\/accid.org&#8221; url_new_window=&#8221;on&#8221; align=&#8221;center&#8221; admin_label=&#8221;Imagen&#8221; _builder_version=&#8221;4.0.3&#8243; animation_style=&#8221;fade&#8221;][\/et_pb_image][\/et_pb_column][\/et_pb_row][et_pb_row column_structure=&#8221;1_3,1_3,1_3&#8243; _builder_version=&#8221;4.0.3&#8243; min_height=&#8221;185px&#8221; custom_margin=&#8221;-59px|auto||auto||&#8221;][et_pb_column type=&#8221;1_3&#8243; _builder_version=&#8221;4.0.3&#8243;][et_pb_image src=&#8221;https:\/\/ojedaeconomistes.com\/wp-content\/uploads\/2019\/11\/ojeda-economistes-fiscalistes.jpg&#8221; url=&#8221;http:\/\/www.fiscalistescec.cat&#8221; url_new_window=&#8221;on&#8221; align=&#8221;center&#8221; admin_label=&#8221;Imagen&#8221; _builder_version=&#8221;4.0.3&#8243; animation_style=&#8221;fade&#8221;][\/et_pb_image][\/et_pb_column][et_pb_column type=&#8221;1_3&#8243; _builder_version=&#8221;4.0.3&#8243;][et_pb_image src=&#8221;https:\/\/ojedaeconomistes.com\/wp-content\/uploads\/2019\/11\/ojeda-economistes-rec.jpg&#8221; url=&#8221;https:\/\/ec.economistas.es\/%20&#8243; url_new_window=&#8221;on&#8221; align=&#8221;center&#8221; admin_label=&#8221;Imagen&#8221; _builder_version=&#8221;4.0.6&#8243; animation_style=&#8221;fade&#8221;][\/et_pb_image][\/et_pb_column][et_pb_column type=&#8221;1_3&#8243; _builder_version=&#8221;4.0.3&#8243;][et_pb_image src=&#8221;https:\/\/ojedaeconomistes.com\/wp-content\/uploads\/2019\/11\/ojeda-economistes-colegi.jpg&#8221; url=&#8221;http:\/\/www.auditorscensors.com\/&#8221; align=&#8221;center&#8221; admin_label=&#8221;Imagen&#8221; _builder_version=&#8221;4.0.3&#8243; animation_style=&#8221;fade&#8221;][\/et_pb_image][\/et_pb_column][\/et_pb_row][\/et_pb_section]<\/p>\n","protected":false},"excerpt":{"rendered":"<p>COMPTABLE \u00b7 FISCAL \u00b7 LABORALPrestem servei tant per aquelles empreses que han externalitzat el seu departament comptable, per tal de centrar-se en el seu negoci, com aquelles que tenen el seu propi departament comptable i precisen de revisi\u00f3, tutela i consulta peri\u00f2dica. La confecci\u00f3 de les n\u00f2mines i les gestions amb la Seguretat Social requereixen [&hellip;]<\/p>\n","protected":false},"author":1,"featured_media":0,"parent":0,"menu_order":0,"comment_status":"closed","ping_status":"closed","template":"","meta":{"_et_pb_use_builder":"on","_et_pb_old_content":"","_et_gb_content_width":"","footnotes":""},"class_list":["post-296","page","type-page","status-publish","hentry"],"yoast_head":"<!-- This site is optimized with the Yoast SEO plugin v27.4 - https:\/\/yoast.com\/product\/yoast-seo-wordpress\/ -->\n<title>Comptable \u2013 Fiscal - Laboral - Ojeda Economistes<\/title>\n<meta name=\"robots\" content=\"index, follow, max-snippet:-1, max-image-preview:large, max-video-preview:-1\" \/>\n<link rel=\"canonical\" href=\"https:\/\/ojedaeconomistes.com\/ca\/comptable-fiscal-laboral\" \/>\n<meta property=\"og:locale\" content=\"ca_ES\" \/>\n<meta property=\"og:type\" content=\"article\" \/>\n<meta property=\"og:title\" content=\"Comptable \u2013 Fiscal - Laboral - Ojeda Economistes\" \/>\n<meta property=\"og:description\" content=\"COMPTABLE \u00b7 FISCAL \u00b7 LABORALPrestem servei tant per aquelles empreses que han externalitzat el seu departament comptable, per tal de centrar-se en el seu negoci, com aquelles que tenen el seu propi departament comptable i precisen de revisi\u00f3, tutela i consulta peri\u00f2dica. La confecci\u00f3 de les n\u00f2mines i les gestions amb la Seguretat Social requereixen [&hellip;]\" \/>\n<meta property=\"og:url\" content=\"https:\/\/ojedaeconomistes.com\/ca\/comptable-fiscal-laboral\" \/>\n<meta property=\"og:site_name\" content=\"Ojeda Economistes\" \/>\n<meta property=\"article:modified_time\" content=\"2019-11-27T10:04:19+00:00\" \/>\n<meta name=\"twitter:card\" content=\"summary_large_image\" \/>\n<meta name=\"twitter:label1\" content=\"Temps estimat de lectura\" \/>\n\t<meta name=\"twitter:data1\" content=\"3 minuts\" \/>\n<script type=\"application\/ld+json\" class=\"yoast-schema-graph\">{\"@context\":\"https:\\\/\\\/schema.org\",\"@graph\":[{\"@type\":\"WebPage\",\"@id\":\"https:\\\/\\\/ojedaeconomistes.com\\\/ca\\\/comptable-fiscal-laboral\",\"url\":\"https:\\\/\\\/ojedaeconomistes.com\\\/ca\\\/comptable-fiscal-laboral\",\"name\":\"Comptable \u2013 Fiscal - Laboral - Ojeda Economistes\",\"isPartOf\":{\"@id\":\"https:\\\/\\\/ojedaeconomistes.com\\\/#website\"},\"datePublished\":\"2019-11-08T10:05:47+00:00\",\"dateModified\":\"2019-11-27T10:04:19+00:00\",\"breadcrumb\":{\"@id\":\"https:\\\/\\\/ojedaeconomistes.com\\\/ca\\\/comptable-fiscal-laboral#breadcrumb\"},\"inLanguage\":\"ca\",\"potentialAction\":[{\"@type\":\"ReadAction\",\"target\":[\"https:\\\/\\\/ojedaeconomistes.com\\\/ca\\\/comptable-fiscal-laboral\"]}]},{\"@type\":\"BreadcrumbList\",\"@id\":\"https:\\\/\\\/ojedaeconomistes.com\\\/ca\\\/comptable-fiscal-laboral#breadcrumb\",\"itemListElement\":[{\"@type\":\"ListItem\",\"position\":1,\"name\":\"Home\",\"item\":\"https:\\\/\\\/ojedaeconomistes.com\\\/ca\"},{\"@type\":\"ListItem\",\"position\":2,\"name\":\"Comptable \u2013 Fiscal &#8211; Laboral\"}]},{\"@type\":\"WebSite\",\"@id\":\"https:\\\/\\\/ojedaeconomistes.com\\\/#website\",\"url\":\"https:\\\/\\\/ojedaeconomistes.com\\\/\",\"name\":\"Ojeda Economistes\",\"description\":\"Forensic, Auditores, asesores contables y fiscales\",\"potentialAction\":[{\"@type\":\"SearchAction\",\"target\":{\"@type\":\"EntryPoint\",\"urlTemplate\":\"https:\\\/\\\/ojedaeconomistes.com\\\/?s={search_term_string}\"},\"query-input\":{\"@type\":\"PropertyValueSpecification\",\"valueRequired\":true,\"valueName\":\"search_term_string\"}}],\"inLanguage\":\"ca\"}]}<\/script>\n<!-- \/ Yoast SEO plugin. -->","yoast_head_json":{"title":"Comptable \u2013 Fiscal - Laboral - Ojeda Economistes","robots":{"index":"index","follow":"follow","max-snippet":"max-snippet:-1","max-image-preview":"max-image-preview:large","max-video-preview":"max-video-preview:-1"},"canonical":"https:\/\/ojedaeconomistes.com\/ca\/comptable-fiscal-laboral","og_locale":"ca_ES","og_type":"article","og_title":"Comptable \u2013 Fiscal - Laboral - Ojeda Economistes","og_description":"COMPTABLE \u00b7 FISCAL \u00b7 LABORALPrestem servei tant per aquelles empreses que han externalitzat el seu departament comptable, per tal de centrar-se en el seu negoci, com aquelles que tenen el seu propi departament comptable i precisen de revisi\u00f3, tutela i consulta peri\u00f2dica. La confecci\u00f3 de les n\u00f2mines i les gestions amb la Seguretat Social requereixen [&hellip;]","og_url":"https:\/\/ojedaeconomistes.com\/ca\/comptable-fiscal-laboral","og_site_name":"Ojeda Economistes","article_modified_time":"2019-11-27T10:04:19+00:00","twitter_card":"summary_large_image","twitter_misc":{"Temps estimat de lectura":"3 minuts"},"schema":{"@context":"https:\/\/schema.org","@graph":[{"@type":"WebPage","@id":"https:\/\/ojedaeconomistes.com\/ca\/comptable-fiscal-laboral","url":"https:\/\/ojedaeconomistes.com\/ca\/comptable-fiscal-laboral","name":"Comptable \u2013 Fiscal - Laboral - Ojeda Economistes","isPartOf":{"@id":"https:\/\/ojedaeconomistes.com\/#website"},"datePublished":"2019-11-08T10:05:47+00:00","dateModified":"2019-11-27T10:04:19+00:00","breadcrumb":{"@id":"https:\/\/ojedaeconomistes.com\/ca\/comptable-fiscal-laboral#breadcrumb"},"inLanguage":"ca","potentialAction":[{"@type":"ReadAction","target":["https:\/\/ojedaeconomistes.com\/ca\/comptable-fiscal-laboral"]}]},{"@type":"BreadcrumbList","@id":"https:\/\/ojedaeconomistes.com\/ca\/comptable-fiscal-laboral#breadcrumb","itemListElement":[{"@type":"ListItem","position":1,"name":"Home","item":"https:\/\/ojedaeconomistes.com\/ca"},{"@type":"ListItem","position":2,"name":"Comptable \u2013 Fiscal &#8211; Laboral"}]},{"@type":"WebSite","@id":"https:\/\/ojedaeconomistes.com\/#website","url":"https:\/\/ojedaeconomistes.com\/","name":"Ojeda Economistes","description":"Forensic, Auditores, asesores contables y fiscales","potentialAction":[{"@type":"SearchAction","target":{"@type":"EntryPoint","urlTemplate":"https:\/\/ojedaeconomistes.com\/?s={search_term_string}"},"query-input":{"@type":"PropertyValueSpecification","valueRequired":true,"valueName":"search_term_string"}}],"inLanguage":"ca"}]}},"_links":{"self":[{"href":"https:\/\/ojedaeconomistes.com\/ca\/wp-json\/wp\/v2\/pages\/296","targetHints":{"allow":["GET"]}}],"collection":[{"href":"https:\/\/ojedaeconomistes.com\/ca\/wp-json\/wp\/v2\/pages"}],"about":[{"href":"https:\/\/ojedaeconomistes.com\/ca\/wp-json\/wp\/v2\/types\/page"}],"author":[{"embeddable":true,"href":"https:\/\/ojedaeconomistes.com\/ca\/wp-json\/wp\/v2\/users\/1"}],"replies":[{"embeddable":true,"href":"https:\/\/ojedaeconomistes.com\/ca\/wp-json\/wp\/v2\/comments?post=296"}],"version-history":[{"count":5,"href":"https:\/\/ojedaeconomistes.com\/ca\/wp-json\/wp\/v2\/pages\/296\/revisions"}],"predecessor-version":[{"id":375,"href":"https:\/\/ojedaeconomistes.com\/ca\/wp-json\/wp\/v2\/pages\/296\/revisions\/375"}],"wp:attachment":[{"href":"https:\/\/ojedaeconomistes.com\/ca\/wp-json\/wp\/v2\/media?parent=296"}],"curies":[{"name":"wp","href":"https:\/\/api.w.org\/{rel}","templated":true}]}}