{"id":303,"date":"2019-11-07T12:40:34","date_gmt":"2019-11-07T12:40:34","guid":{"rendered":"https:\/\/ojedaeconomistes.com\/auditores"},"modified":"2019-12-03T12:25:58","modified_gmt":"2019-12-03T12:25:58","slug":"auditors","status":"publish","type":"page","link":"https:\/\/ojedaeconomistes.com\/ca\/auditors","title":{"rendered":"Auditors"},"content":{"rendered":"<p>[et_pb_section fb_built=&#8221;1&#8243; _builder_version=&#8221;4.0.3&#8243; background_color=&#8221;rgba(0,0,0,0.68)&#8221; background_image=&#8221;https:\/\/ojedaeconomistes.com\/wp-content\/uploads\/2019\/10\/law-firm-26.jpg&#8221; background_blend=&#8221;multiply&#8221; custom_padding=&#8221;||34px|||&#8221;][et_pb_row column_structure=&#8221;1_2,1_2&#8243; _builder_version=&#8221;4.0.3&#8243;][et_pb_column type=&#8221;1_2&#8243; _builder_version=&#8221;4.0.3&#8243;][et_pb_text _builder_version=&#8221;4.0.6&#8243; header_text_color=&#8221;#ffffff&#8221; header_font_size=&#8221;40px&#8221; custom_margin=&#8221;18px||||false|false&#8221;]<\/p>\n<h1>AUDITORS<\/h1>\n<p>[\/et_pb_text][\/et_pb_column][et_pb_column type=&#8221;1_2&#8243; _builder_version=&#8221;4.0.3&#8243;][et_pb_text _builder_version=&#8221;4.0.6&#8243; text_text_color=&#8221;#ffffff&#8221;]<\/p>\n<p>L\u2019auditor, \u00e9s el professional m\u00e9s capacitat tant per l\u2019an\u00e0lisi de l\u2019estat de l\u2019empresa com per detectar les \u00e0rees de risc existents, col\u2022laborar a la valoraci\u00f3 del negoci, realitzar la Due Diligence i prevenir possibles fraus.<\/p>\n<p>[\/et_pb_text][\/et_pb_column][\/et_pb_row][\/et_pb_section][et_pb_section fb_built=&#8221;1&#8243; _builder_version=&#8221;4.0.3&#8243; min_height=&#8221;311px&#8221; custom_margin=&#8221;-7px|||||&#8221; custom_padding=&#8221;||16px|||&#8221;][et_pb_row column_structure=&#8221;1_2,1_2&#8243; _builder_version=&#8221;4.0.3&#8243; custom_padding=&#8221;||4px|||&#8221;][et_pb_column type=&#8221;1_2&#8243; _builder_version=&#8221;4.0.3&#8243;][et_pb_text _builder_version=&#8221;4.0.6&#8243; hover_enabled=&#8221;0&#8243;]<\/p>\n<p>Comptem al nostre equip amb auditors ROAC amb amplia experi\u00e8ncia i formaci\u00f3 continuada, que amb el seu treball a m\u00e9s de permetre que les empreses acompleixin amb l\u2019exig\u00e8ncia legal de l\u2019auditoria, proporcionen a la mateixa un valor afegit que percep l\u2019empresa auditada.<\/p>\n<p>Ojeda Economistes, SLP est\u00e0 inscrita al Registre de Societats del I.C.J.C.E amb el n\u00ba 1213 i amb N\u00ba ROAC: S2501.<\/p>\n<p>[\/et_pb_text][\/et_pb_column][et_pb_column type=&#8221;1_2&#8243; _builder_version=&#8221;4.0.3&#8243;][et_pb_text _builder_version=&#8221;4.0.6&#8243; hover_enabled=&#8221;0&#8243;]<\/p>\n<p>En aquesta \u00e0rea d\u2019actuacions conv\u00e9 destacar, d&#8217;entre d\u2019altres actuacions:<\/p>\n<ul>\n<li>Auditoria de comptes anuals individuals i consolidats preparats sota els principis del Pla General de Comptabilitat.<\/li>\n<li>Auditoria d\u2019ajuts i subvencions atorgats per organismes p\u00fablics.<\/li>\n<li>Assist\u00e8ncia a socis minoritaris: examen de comptes.<\/li>\n<li>Assist\u00e8ncia comptable en reclamacions i litigis.<\/li>\n<li>Investigacions comptables<\/li>\n<\/ul>\n<p>[\/et_pb_text][\/et_pb_column][\/et_pb_row][\/et_pb_section][et_pb_section fb_built=&#8221;1&#8243; _builder_version=&#8221;4.0.3&#8243; custom_padding=&#8221;8px|||||&#8221;][et_pb_row _builder_version=&#8221;4.0.3&#8243; min_height=&#8221;61px&#8221; custom_margin=&#8221;-11px|auto||auto||&#8221; custom_padding=&#8221;4px||1px|||&#8221;][et_pb_column type=&#8221;4_4&#8243; _builder_version=&#8221;4.0.3&#8243;][et_pb_divider color=&#8221;#874200&#8243; divider_weight=&#8221;3px&#8221; _builder_version=&#8221;4.0.3&#8243; max_width=&#8221;73px&#8221; module_alignment=&#8221;center&#8221;][\/et_pb_divider][et_pb_text _builder_version=&#8221;4.0.6&#8243;]<\/p>\n<p style=\"text-align: center;\">Participem, entre d\u2019altres, als seg\u00fcents col\u2022legis professionals, associacions i organismes:<\/p>\n<p>[\/et_pb_text][\/et_pb_column][\/et_pb_row][et_pb_row column_structure=&#8221;1_4,1_4,1_4,1_4&#8243; _builder_version=&#8221;4.0.3&#8243; min_height=&#8221;26px&#8221; custom_padding=&#8221;0px||0px|||&#8221;][et_pb_column type=&#8221;1_4&#8243; _builder_version=&#8221;4.0.3&#8243;][et_pb_image src=&#8221;https:\/\/ojedaeconomistes.com\/wp-content\/uploads\/2019\/11\/ojeda-economistes-colegi-economistes-de-catalunya.jpg&#8221; url=&#8221;http:\/\/www.coleconomistes.cat&#8221; url_new_window=&#8221;on&#8221; align=&#8221;center&#8221; _builder_version=&#8221;4.0.3&#8243; animation_style=&#8221;fade&#8221;][\/et_pb_image][\/et_pb_column][et_pb_column type=&#8221;1_4&#8243; _builder_version=&#8221;4.0.3&#8243;][et_pb_image src=&#8221;https:\/\/ojedaeconomistes.com\/wp-content\/uploads\/2019\/11\/ojeda-economistes-aedaf.jpg&#8221; url=&#8221;http:\/\/www.aedaf.es&#8221; url_new_window=&#8221;on&#8221; _builder_version=&#8221;4.0.3&#8243; animation_style=&#8221;fade&#8221;][\/et_pb_image][\/et_pb_column][et_pb_column type=&#8221;1_4&#8243; _builder_version=&#8221;4.0.3&#8243;][et_pb_image src=&#8221;https:\/\/ojedaeconomistes.com\/wp-content\/uploads\/2019\/11\/ojeda-economistes-accid.jpg&#8221; url=&#8221;http:\/\/accid.org&#8221; url_new_window=&#8221;on&#8221; _builder_version=&#8221;4.0.3&#8243; animation_style=&#8221;fade&#8221;][\/et_pb_image][\/et_pb_column][et_pb_column type=&#8221;1_4&#8243; _builder_version=&#8221;4.0.3&#8243;][et_pb_image src=&#8221;https:\/\/ojedaeconomistes.com\/wp-content\/uploads\/2019\/11\/ojeda-economistes-fiscalistes.jpg&#8221; url=&#8221;http:\/\/www.fiscalistescec.cat&#8221; url_new_window=&#8221;on&#8221; _builder_version=&#8221;4.0.3&#8243; animation_style=&#8221;fade&#8221;][\/et_pb_image][\/et_pb_column][\/et_pb_row][et_pb_row column_structure=&#8221;1_4,1_4,1_4,1_4&#8243; _builder_version=&#8221;4.0.3&#8243; custom_padding=&#8221;0px|||||&#8221;][et_pb_column type=&#8221;1_4&#8243; _builder_version=&#8221;4.0.3&#8243;][et_pb_image src=&#8221;https:\/\/ojedaeconomistes.com\/wp-content\/uploads\/2019\/11\/ojeda-economistes-rec.jpg&#8221; url=&#8221;https:\/\/ec.economistas.es\/%20&#8243; url_new_window=&#8221;on&#8221; _builder_version=&#8221;4.0.6&#8243; animation_style=&#8221;fade&#8221;][\/et_pb_image][\/et_pb_column][et_pb_column type=&#8221;1_4&#8243; _builder_version=&#8221;4.0.3&#8243;][et_pb_image src=&#8221;https:\/\/ojedaeconomistes.com\/wp-content\/uploads\/2019\/11\/ojeda-economistes-colegi.jpg&#8221; url=&#8221;http:\/\/www.auditorscensors.com\/&#8221; url_new_window=&#8221;on&#8221; _builder_version=&#8221;4.0.3&#8243; animation_style=&#8221;fade&#8221;][\/et_pb_image][\/et_pb_column][et_pb_column type=&#8221;1_4&#8243; _builder_version=&#8221;4.0.3&#8243;][et_pb_image src=&#8221;https:\/\/ojedaeconomistes.com\/wp-content\/uploads\/2019\/11\/ojeda-economistes-economistes.jpg&#8221; url=&#8221;https:\/\/economistas.es\/&#8221; url_new_window=&#8221;on&#8221; _builder_version=&#8221;4.0.3&#8243; animation_style=&#8221;fade&#8221;][\/et_pb_image][\/et_pb_column][et_pb_column type=&#8221;1_4&#8243; _builder_version=&#8221;4.0.3&#8243;][et_pb_image src=&#8221;https:\/\/ojedaeconomistes.com\/wp-content\/uploads\/2019\/11\/ojeda-economistes-icac.jpg&#8221; url=&#8221;http:\/\/www.icac.meh.es\/%20&#8243; url_new_window=&#8221;on&#8221; _builder_version=&#8221;4.0.6&#8243; animation_style=&#8221;fade&#8221;][\/et_pb_image][\/et_pb_column][\/et_pb_row][\/et_pb_section]<\/p>\n","protected":false},"excerpt":{"rendered":"<p>AUDITORSL\u2019auditor, \u00e9s el professional m\u00e9s capacitat tant per l\u2019an\u00e0lisi de l\u2019estat de l\u2019empresa com per detectar les \u00e0rees de risc existents, col\u2022laborar a la valoraci\u00f3 del negoci, realitzar la Due Diligence i prevenir possibles fraus.Comptem al nostre equip amb auditors ROAC amb amplia experi\u00e8ncia i formaci\u00f3 continuada, que amb el seu treball a m\u00e9s de [&hellip;]<\/p>\n","protected":false},"author":1,"featured_media":0,"parent":0,"menu_order":0,"comment_status":"closed","ping_status":"closed","template":"","meta":{"_et_pb_use_builder":"on","_et_pb_old_content":"","_et_gb_content_width":"","footnotes":""},"class_list":["post-303","page","type-page","status-publish","hentry"],"yoast_head":"<!-- This site is optimized with the Yoast SEO plugin v27.4 - https:\/\/yoast.com\/product\/yoast-seo-wordpress\/ -->\n<title>Auditors - Ojeda Economistes<\/title>\n<meta name=\"robots\" content=\"index, follow, max-snippet:-1, max-image-preview:large, max-video-preview:-1\" \/>\n<link rel=\"canonical\" href=\"https:\/\/ojedaeconomistes.com\/ca\/auditors\" \/>\n<meta property=\"og:locale\" content=\"ca_ES\" \/>\n<meta property=\"og:type\" content=\"article\" \/>\n<meta property=\"og:title\" content=\"Auditors - Ojeda Economistes\" \/>\n<meta property=\"og:description\" content=\"AUDITORSL\u2019auditor, \u00e9s el professional m\u00e9s capacitat tant per l\u2019an\u00e0lisi de l\u2019estat de l\u2019empresa com per detectar les \u00e0rees de risc existents, col\u2022laborar a la valoraci\u00f3 del negoci, realitzar la Due Diligence i prevenir possibles fraus.Comptem al nostre equip amb auditors ROAC amb amplia experi\u00e8ncia i formaci\u00f3 continuada, que amb el seu treball a m\u00e9s de [&hellip;]\" \/>\n<meta property=\"og:url\" content=\"https:\/\/ojedaeconomistes.com\/ca\/auditors\" \/>\n<meta property=\"og:site_name\" content=\"Ojeda Economistes\" \/>\n<meta property=\"article:modified_time\" content=\"2019-12-03T12:25:58+00:00\" \/>\n<meta name=\"twitter:card\" content=\"summary_large_image\" \/>\n<meta name=\"twitter:label1\" content=\"Temps estimat de lectura\" \/>\n\t<meta name=\"twitter:data1\" content=\"4 minuts\" \/>\n<script type=\"application\/ld+json\" class=\"yoast-schema-graph\">{\"@context\":\"https:\\\/\\\/schema.org\",\"@graph\":[{\"@type\":\"WebPage\",\"@id\":\"https:\\\/\\\/ojedaeconomistes.com\\\/ca\\\/auditors\",\"url\":\"https:\\\/\\\/ojedaeconomistes.com\\\/ca\\\/auditors\",\"name\":\"Auditors - Ojeda Economistes\",\"isPartOf\":{\"@id\":\"https:\\\/\\\/ojedaeconomistes.com\\\/#website\"},\"datePublished\":\"2019-11-07T12:40:34+00:00\",\"dateModified\":\"2019-12-03T12:25:58+00:00\",\"breadcrumb\":{\"@id\":\"https:\\\/\\\/ojedaeconomistes.com\\\/ca\\\/auditors#breadcrumb\"},\"inLanguage\":\"ca\",\"potentialAction\":[{\"@type\":\"ReadAction\",\"target\":[\"https:\\\/\\\/ojedaeconomistes.com\\\/ca\\\/auditors\"]}]},{\"@type\":\"BreadcrumbList\",\"@id\":\"https:\\\/\\\/ojedaeconomistes.com\\\/ca\\\/auditors#breadcrumb\",\"itemListElement\":[{\"@type\":\"ListItem\",\"position\":1,\"name\":\"Home\",\"item\":\"https:\\\/\\\/ojedaeconomistes.com\\\/ca\"},{\"@type\":\"ListItem\",\"position\":2,\"name\":\"Auditors\"}]},{\"@type\":\"WebSite\",\"@id\":\"https:\\\/\\\/ojedaeconomistes.com\\\/#website\",\"url\":\"https:\\\/\\\/ojedaeconomistes.com\\\/\",\"name\":\"Ojeda Economistes\",\"description\":\"Forensic, Auditores, asesores contables y fiscales\",\"potentialAction\":[{\"@type\":\"SearchAction\",\"target\":{\"@type\":\"EntryPoint\",\"urlTemplate\":\"https:\\\/\\\/ojedaeconomistes.com\\\/?s={search_term_string}\"},\"query-input\":{\"@type\":\"PropertyValueSpecification\",\"valueRequired\":true,\"valueName\":\"search_term_string\"}}],\"inLanguage\":\"ca\"}]}<\/script>\n<!-- \/ Yoast SEO plugin. -->","yoast_head_json":{"title":"Auditors - Ojeda Economistes","robots":{"index":"index","follow":"follow","max-snippet":"max-snippet:-1","max-image-preview":"max-image-preview:large","max-video-preview":"max-video-preview:-1"},"canonical":"https:\/\/ojedaeconomistes.com\/ca\/auditors","og_locale":"ca_ES","og_type":"article","og_title":"Auditors - Ojeda Economistes","og_description":"AUDITORSL\u2019auditor, \u00e9s el professional m\u00e9s capacitat tant per l\u2019an\u00e0lisi de l\u2019estat de l\u2019empresa com per detectar les \u00e0rees de risc existents, col\u2022laborar a la valoraci\u00f3 del negoci, realitzar la Due Diligence i prevenir possibles fraus.Comptem al nostre equip amb auditors ROAC amb amplia experi\u00e8ncia i formaci\u00f3 continuada, que amb el seu treball a m\u00e9s de [&hellip;]","og_url":"https:\/\/ojedaeconomistes.com\/ca\/auditors","og_site_name":"Ojeda Economistes","article_modified_time":"2019-12-03T12:25:58+00:00","twitter_card":"summary_large_image","twitter_misc":{"Temps estimat de lectura":"4 minuts"},"schema":{"@context":"https:\/\/schema.org","@graph":[{"@type":"WebPage","@id":"https:\/\/ojedaeconomistes.com\/ca\/auditors","url":"https:\/\/ojedaeconomistes.com\/ca\/auditors","name":"Auditors - Ojeda Economistes","isPartOf":{"@id":"https:\/\/ojedaeconomistes.com\/#website"},"datePublished":"2019-11-07T12:40:34+00:00","dateModified":"2019-12-03T12:25:58+00:00","breadcrumb":{"@id":"https:\/\/ojedaeconomistes.com\/ca\/auditors#breadcrumb"},"inLanguage":"ca","potentialAction":[{"@type":"ReadAction","target":["https:\/\/ojedaeconomistes.com\/ca\/auditors"]}]},{"@type":"BreadcrumbList","@id":"https:\/\/ojedaeconomistes.com\/ca\/auditors#breadcrumb","itemListElement":[{"@type":"ListItem","position":1,"name":"Home","item":"https:\/\/ojedaeconomistes.com\/ca"},{"@type":"ListItem","position":2,"name":"Auditors"}]},{"@type":"WebSite","@id":"https:\/\/ojedaeconomistes.com\/#website","url":"https:\/\/ojedaeconomistes.com\/","name":"Ojeda Economistes","description":"Forensic, Auditores, asesores contables y fiscales","potentialAction":[{"@type":"SearchAction","target":{"@type":"EntryPoint","urlTemplate":"https:\/\/ojedaeconomistes.com\/?s={search_term_string}"},"query-input":{"@type":"PropertyValueSpecification","valueRequired":true,"valueName":"search_term_string"}}],"inLanguage":"ca"}]}},"_links":{"self":[{"href":"https:\/\/ojedaeconomistes.com\/ca\/wp-json\/wp\/v2\/pages\/303","targetHints":{"allow":["GET"]}}],"collection":[{"href":"https:\/\/ojedaeconomistes.com\/ca\/wp-json\/wp\/v2\/pages"}],"about":[{"href":"https:\/\/ojedaeconomistes.com\/ca\/wp-json\/wp\/v2\/types\/page"}],"author":[{"embeddable":true,"href":"https:\/\/ojedaeconomistes.com\/ca\/wp-json\/wp\/v2\/users\/1"}],"replies":[{"embeddable":true,"href":"https:\/\/ojedaeconomistes.com\/ca\/wp-json\/wp\/v2\/comments?post=303"}],"version-history":[{"count":5,"href":"https:\/\/ojedaeconomistes.com\/ca\/wp-json\/wp\/v2\/pages\/303\/revisions"}],"predecessor-version":[{"id":380,"href":"https:\/\/ojedaeconomistes.com\/ca\/wp-json\/wp\/v2\/pages\/303\/revisions\/380"}],"wp:attachment":[{"href":"https:\/\/ojedaeconomistes.com\/ca\/wp-json\/wp\/v2\/media?parent=303"}],"curies":[{"name":"wp","href":"https:\/\/api.w.org\/{rel}","templated":true}]}}